{"id":2733,"date":"2018-01-31T15:41:42","date_gmt":"2018-01-31T14:41:42","guid":{"rendered":"https:\/\/www.why-consulting.com\/legal-notice\/"},"modified":"2018-01-31T15:41:46","modified_gmt":"2018-01-31T14:41:46","slug":"legal-notice","status":"publish","type":"page","link":"https:\/\/www.why-consulting.com\/en\/legal-notice\/","title":{"rendered":"Legal Notice"},"content":{"rendered":"<ol>\n<li>\n<h4><strong> PR\u00c9SENTATION DU<\/strong> <strong>SITE WWW.WHY-CONSULTING.COM<\/strong><\/h4>\n<\/li>\n<\/ol>\n<p>En vertu de l\u2019article 6 de la loi n\u00b0 2004-575 du 21 juin 2004 pour la confiance dans l\u2019\u00e9conomie num\u00e9rique, il est pr\u00e9cis\u00e9 aux utilisateurs du site de la soci\u00e9t\u00e9 <span style=\"color: #000000\"><strong>WHY Consulting <\/strong><\/span>l\u2019identit\u00e9 des diff\u00e9rents intervenants dans le cadre de sa r\u00e9alisation et de son suivi :<\/p>\n<p>&nbsp;<\/p>\n<p><strong>Propri\u00e9taire\u00a0:<\/strong><\/p>\n<p><span style=\"color: #333333\"><strong>WHY Consulting<\/strong><\/span><strong><br \/>\n<\/strong>SAS au capital de 51970 Euros<br \/>\nRCS de Lyon N\u00b0 432\u00a0151\u00a0314<br \/>\nTVA intracommunautaire\u00a0FR66432151314<\/p>\n<p>Si\u00e8ge social\u00a0:1 all\u00e9e Claude Debussy &#8211; 69130 Ecully<br \/>\nT\u00e9l.\u00a0: 04 72 18 96 00<br \/>\nMail\u00a0: contact@why-consulting.com<\/p>\n<p>Directeur de la publication\u00a0: Serge Rouvi\u00e8re<\/p>\n<p>&nbsp;<\/p>\n<p><strong>Cr\u00e9ation du site\u00a0:<\/strong><\/p>\n<p>Agence de communication Ethik &amp; Taktik<br \/>\n142 chemin des Eglantiers 69440 Taluyers<br \/>\nT\u00e9l.\u00a0: 04 78 48 36 02<br \/>\n<a href=\"http:\/\/www.ethiktaktik.com\">www.ethiktaktik.com<\/a><\/p>\n<p>&nbsp;<\/p>\n<p><strong>H\u00e9bergement\u00a0:<\/strong><\/p>\n<p>OVH<br \/>\n2 rue Kellermann \u2013 59100 Roubaix \u2013 France.<\/p>\n<p>&nbsp;<\/p>\n<p><strong>Cr\u00e9dits Photos : <\/strong><\/p>\n<p>Aurora \/ hemis.fr &#8211; Tetra images \/ hemis.fr\u00a0 &#8211; imageBROKER\/ hemis.fr\u00a0 &#8211; Spl \/ Hemis.fr &#8211; Cultura \/ hemis.fr &#8211; MATTES Ren\u00e9 \/ hemis.fr &#8211; Fotolia &#8211; istock<strong><br \/>\n<\/strong><\/p>\n<p>&nbsp;<\/p>\n<ol start=\"2\">\n<li>\n<h4><strong> CONDITIONS G\u00c9N\u00c9RALES D\u2019UTILISATION DU SITE<\/strong><\/h4>\n<\/li>\n<\/ol>\n<p>L\u2019utilisation du site\u00a0de la soci\u00e9t\u00e9 <strong>WHY Consulting<\/strong> implique l\u2019acceptation pleine et enti\u00e8re des conditions g\u00e9n\u00e9rales d\u2019utilisation ci-apr\u00e8s d\u00e9crites. Ces conditions d\u2019utilisation sont susceptibles d\u2019\u00eatre modifi\u00e9es ou compl\u00e9t\u00e9es \u00e0 tout moment, les utilisateurs du site\u00a0 sont donc invit\u00e9s \u00e0 les consulter de mani\u00e8re r\u00e9guli\u00e8re.<\/p>\n<p>Ce site est normalement accessible \u00e0 tout moment aux utilisateurs. Une interruption pour raison de maintenance technique peut \u00eatre toutefois d\u00e9cid\u00e9e par\u00a0<strong>WHY Consulting<\/strong>.<\/p>\n<p>Le site de <strong>WHY Consulting<\/strong> est mis \u00e0 jour r\u00e9guli\u00e8rement par <strong>WHY Consulting<\/strong>. De la m\u00eame fa\u00e7on, les mentions l\u00e9gales peuvent \u00eatre modifi\u00e9es \u00e0 tout moment : elles s&#8217;imposent n\u00e9anmoins \u00e0 l&#8217;utilisateur qui est invit\u00e9 \u00e0 s&#8217;y r\u00e9f\u00e9rer le plus souvent possible afin d&#8217;en prendre connaissance.<\/p>\n<p>&nbsp;<\/p>\n<ol start=\"3\">\n<li>\n<h4><strong> DESCRIPTION DES SERVICES FOURNIS<br \/>\n<\/strong><\/h4>\n<\/li>\n<\/ol>\n<p>Le site de <strong>WHY Consulting<\/strong> a pour objet de fournir une information concernant les activit\u00e9s de la soci\u00e9t\u00e9.<\/p>\n<p>La soci\u00e9t\u00e9<strong> WHY Consulting<\/strong> s&#8217;efforce de fournir sur son site des informations aussi pr\u00e9cises que possible. Toutefois, elle ne pourra \u00eatre tenue responsable des omissions, des inexactitudes et des carences dans la mise \u00e0 jour, qu&#8217;elles soient de son fait ou du fait des tiers partenaires qui lui fournissent ces informations.<\/p>\n<p>Tous les informations indiqu\u00e9es sur le site de <strong>WHY Consulting<\/strong> sont donn\u00e9es \u00e0 titre indicatif, et sont susceptibles d&#8217;\u00e9voluer. Par ailleurs, les renseignements figurant sur le site de <strong>WHY Consulting<\/strong> ne sont pas exhaustifs. Ils sont donn\u00e9s sous r\u00e9serve de modifications ayant \u00e9t\u00e9 apport\u00e9es depuis leur mise en ligne.<\/p>\n<p>&nbsp;<\/p>\n<ol start=\"4\">\n<li>\n<h4><strong> LIMITATIONS DE RESPONSABILITE<\/strong><\/h4>\n<\/li>\n<\/ol>\n<p>Le site utilise la technologie JavaScript.<\/p>\n<p>L&#8217;utilisateur du site <strong>de WHY Consulting<\/strong> s&#8217;engage \u00e0 acc\u00e9der au site en utilisant un mat\u00e9riel r\u00e9cent, ne contenant pas de virus et avec un navigateur de derni\u00e8re g\u00e9n\u00e9ration mis \u00e0 jour. Il lui appartient de prendre toutes les mesures appropri\u00e9es de fa\u00e7on \u00e0 prot\u00e9ger ses propres donn\u00e9es et\/ou logiciels de la contamination d\u2019\u00e9ventuels virus circulant sur le r\u00e9seau Internet.<\/p>\n<p><strong>WHY Consulting<\/strong> ne pourra \u00eatre tenu responsable de dommages mat\u00e9riels li\u00e9s \u00e0 l&#8217;utilisation du site.<\/p>\n<p>&nbsp;<\/p>\n<ol start=\"5\">\n<li>\n<h4><strong> PROPRI\u00c9T\u00c9 INTELLECTUELLE<\/strong><\/h4>\n<\/li>\n<\/ol>\n<p>La soci\u00e9t\u00e9<strong> WHY Consulting <\/strong>est propri\u00e9taire des droits de propri\u00e9t\u00e9 intellectuelle ou d\u00e9tient les droits d\u2019usage sur tous les \u00e9l\u00e9ments accessibles sur le site, notamment les textes, images, graphismes, logo, ic\u00f4nes, logiciels.<\/p>\n<p>Toute reproduction, repr\u00e9sentation, modification, publication, adaptation de tout ou partie des \u00e9l\u00e9ments du site, quel que soit le moyen ou le proc\u00e9d\u00e9 utilis\u00e9, est interdite, sauf autorisation \u00e9crite pr\u00e9alable de <strong>WHY Consulting<\/strong>.<\/p>\n<p>Toute exploitation non autoris\u00e9e du site ou de l\u2019un quelconque des \u00e9l\u00e9ments qu\u2019il contient sera consid\u00e9r\u00e9e comme constitutive d\u2019une contrefa\u00e7on et poursuivie conform\u00e9ment aux dispositions des articles L.335-2 et suivants du Code de Propri\u00e9t\u00e9 Intellectuelle.<\/p>\n<p>&nbsp;<\/p>\n<ol start=\"6\">\n<li>\n<h4><strong> GESTION DES DONN\u00c9ES PERSONNELLES<\/strong><\/h4>\n<\/li>\n<\/ol>\n<p>En France, les donn\u00e9es personnelles sont notamment prot\u00e9g\u00e9es par la loi n\u00b0 78-87 du 6 janvier 1978, la loi n\u00b0 2004-801 du 6 ao\u00fbt 2004, l&#8217;article L. 226-13 du Code p\u00e9nal et la Directive Europ\u00e9enne du 24 octobre 1995.<\/p>\n<p>Dans le cadre de la navigation sur le site de <strong>WHY Consulting<\/strong>, vous pouvez \u00eatre amen\u00e9 \u00e0 communiquer, en remplissant un formulaire, des donn\u00e9es \u00e0 caract\u00e8re personnel qui font l&#8217;objet d&#8217;un traitement \u00e0 des fins d&#8217;information, de gestion des candidatures aux offres d&#8217;emploi, de prise de rendez-vous, de transmission de la Newsletter de <strong>WHY Consulting<\/strong>.<\/p>\n<p><strong>WHY Consulting <\/strong>s\u2019engage \u00e0 ne c\u00e9der en aucun cas les informations concernant les utilisateurs du site Internet, de quelque fa\u00e7on que ce soit (vente, \u00e9change, pr\u00eat, location, don).<\/p>\n<p>Conform\u00e9ment aux dispositions des articles 38 et suivants de la loi 78-17 du 6 janvier 1978 relative \u00e0 l\u2019informatique, aux fichiers et aux libert\u00e9s, tout utilisateur dispose d\u2019un droit d\u2019acc\u00e8s, de rectification et d\u2019opposition aux donn\u00e9es personnelles le concernant. Vous pouvez exercer ce droit en adressant un courrier \u00e0 WHY Consulting, Service Communication, 1 all\u00e9e Claude Debussy, 69130 Ecully.<\/p>\n<p>&nbsp;<\/p>\n<ol id=\"cookies\" start=\"7\">\n<li>\n<h4><strong> LIENS HYPERTEXTES ET COOKIES<\/strong><\/h4>\n<\/li>\n<\/ol>\n<p>Les liens hypertextes vers d\u2019autres sites communiqu\u00e9s sur le site <a href=\"http:\/\/www.why-consulting.com\">de<\/a><strong> WHY Consulting<\/strong> ne le sont qu\u2019\u00e0 titre indicatif et ne sauraient en aucun cas engager la responsabilit\u00e9 de <strong>WHY Consulting, <\/strong>tant en ce qui concerne leur contenu que les conditions d\u2019acc\u00e8s.<\/p>\n<p>La navigation sur le site\u00a0de<strong> WHY Consulting <\/strong>est susceptible de provoquer l\u2019installation de cookie(s) sur l\u2019ordinateur de l\u2019utilisateur. Un cookie est un fichier de petite taille, qui ne permet pas l\u2019identification de l\u2019utilisateur, mais qui enregistre des informations relatives \u00e0 la navigation d\u2019un ordinateur sur un site\u00a0: l&#8217;URL des liens par l&#8217;interm\u00e9diaire desquels l&#8217;utilisateur a acc\u00e9d\u00e9 au site, le fournisseur d&#8217;acc\u00e8s de l&#8217;utilisateur, l&#8217;adresse de protocole Internet (IP) de l&#8217;utilisateur.<\/p>\n<p>Les donn\u00e9es ainsi obtenues visent \u00e0 faciliter la navigation ult\u00e9rieure sur le site, et ont \u00e9galement vocation \u00e0 permettre diverses mesures de fr\u00e9quentation.<\/p>\n<p>Le refus d\u2019installation d\u2019un cookie peut entra\u00eener l\u2019impossibilit\u00e9 d\u2019acc\u00e9der \u00e0 certains services. L\u2019utilisateur peut toutefois configurer son ordinateur de la mani\u00e8re suivante, pour refuser l\u2019installation des cookies :<\/p>\n<ul>\n<li>Sous Internet Explorer : onglet outil (pictogramme en forme de rouage en haut a droite) \/ options internet. Cliquez sur Confidentialit\u00e9 et choisissez Bloquer tous les cookies. Validez sur Ok.<\/li>\n<li>Sous Firefox : en haut de la fen\u00eatre du navigateur, cliquez sur le bouton Firefox, puis aller dans l&#8217;onglet Options. Cliquer sur l&#8217;onglet Vie priv\u00e9e. Param\u00e9trez les R\u00e8gles de conservation sur : utiliser les param\u00e8tres personnalis\u00e9s pour l&#8217;historique. Enfin d\u00e9cochez-la pour d\u00e9sactiver les cookies.<\/li>\n<li>Sous Safari : Cliquez en haut \u00e0 droite du navigateur sur le pictogramme de menu (symbolis\u00e9 par un rouage). S\u00e9lectionnez Param\u00e8tres. Cliquez sur Afficher les param\u00e8tres avanc\u00e9s. Dans la section &#8220;Confidentialit\u00e9&#8221;, cliquez sur Param\u00e8tres de contenu. Dans la section &#8220;Cookies&#8221;, vous pouvez bloquer les cookies.<\/li>\n<li>Sous Chrome : Cliquez en haut \u00e0 droite du navigateur sur le pictogramme de menu (symbolis\u00e9 par trois lignes horizontales). S\u00e9lectionnez Param\u00e8tres. Cliquez sur Afficher les param\u00e8tres avanc\u00e9s. Dans la section &#8220;Confidentialit\u00e9&#8221;, cliquez sur pr\u00e9f\u00e9rences. Dans l&#8217;onglet &#8220;Confidentialit\u00e9&#8221;, vous pouvez bloquer les cookies.<\/li>\n<li><\/li>\n<\/ul>\n<ol start=\"8\">\n<li>\n<h4><strong> DROIT APPLICABLE ET ATTRIBUTION DE JURIDICTION<\/strong><\/h4>\n<\/li>\n<\/ol>\n<p>Tout litige en relation avec l\u2019utilisation du site\u00a0de la soci\u00e9t\u00e9<strong> WHY Consulting <\/strong>est soumis au droit fran\u00e7ais. Il est fait attribution exclusive de juridiction aux tribunaux comp\u00e9tents de Lyon.<\/p>\n<p>&nbsp;<\/p>\n<p>&nbsp;<\/p>\n<p>&nbsp;<\/p>\n<p>&nbsp;<\/p>\n","protected":false},"excerpt":{"rendered":"<p>PR\u00c9SENTATION DU SITE WWW.WHY-CONSULTING.COM En vertu de l\u2019article 6 de la loi n\u00b0 2004-575 du 21 juin 2004 pour la confiance dans l\u2019\u00e9conomie num\u00e9rique, il est pr\u00e9cis\u00e9 aux utilisateurs du site de la soci\u00e9t\u00e9 WHY Consulting l\u2019identit\u00e9 des diff\u00e9rents intervenants dans le cadre de sa r\u00e9alisation et de son suivi : &nbsp; Propri\u00e9taire\u00a0: WHY Consulting [&hellip;]<\/p>\n","protected":false},"author":2,"featured_media":0,"parent":0,"menu_order":0,"comment_status":"closed","ping_status":"closed","template":"","meta":{"_exactmetrics_skip_tracking":false,"_exactmetrics_sitenote_active":false,"_exactmetrics_sitenote_note":"","_exactmetrics_sitenote_category":0,"footnotes":""},"class_list":["post-2733","page","type-page","status-publish","hentry"],"yoast_head":"<!-- This site is optimized with the Yoast SEO plugin v27.3 - https:\/\/yoast.com\/product\/yoast-seo-wordpress\/ -->\n<title>Legal Notice - WHY Consulting<\/title>\n<meta name=\"robots\" content=\"index, follow, max-snippet:-1, max-image-preview:large, max-video-preview:-1\" \/>\n<link rel=\"canonical\" href=\"https:\/\/www.why-consulting.com\/en\/legal-notice\/\" \/>\n<meta property=\"og:locale\" content=\"en_US\" \/>\n<meta property=\"og:type\" content=\"article\" \/>\n<meta property=\"og:title\" content=\"Legal Notice - WHY Consulting\" \/>\n<meta property=\"og:description\" content=\"PR\u00c9SENTATION DU SITE WWW.WHY-CONSULTING.COM En vertu de l\u2019article 6 de la loi n\u00b0 2004-575 du 21 juin 2004 pour la confiance dans l\u2019\u00e9conomie num\u00e9rique, il est pr\u00e9cis\u00e9 aux utilisateurs du site de la soci\u00e9t\u00e9 WHY Consulting l\u2019identit\u00e9 des diff\u00e9rents intervenants dans le cadre de sa r\u00e9alisation et de son suivi : &nbsp; Propri\u00e9taire\u00a0: WHY Consulting [&hellip;]\" \/>\n<meta property=\"og:url\" content=\"https:\/\/www.why-consulting.com\/en\/legal-notice\/\" \/>\n<meta property=\"og:site_name\" content=\"WHY Consulting\" \/>\n<meta property=\"article:modified_time\" content=\"2018-01-31T14:41:46+00:00\" \/>\n<meta name=\"twitter:card\" content=\"summary_large_image\" \/>\n<meta name=\"twitter:label1\" content=\"Est. reading time\" \/>\n\t<meta name=\"twitter:data1\" content=\"6 minutes\" \/>\n<script type=\"application\/ld+json\" class=\"yoast-schema-graph\">{\"@context\":\"https:\\\/\\\/schema.org\",\"@graph\":[{\"@type\":\"WebPage\",\"@id\":\"https:\\\/\\\/www.why-consulting.com\\\/en\\\/legal-notice\\\/\",\"url\":\"https:\\\/\\\/www.why-consulting.com\\\/en\\\/legal-notice\\\/\",\"name\":\"Legal Notice - WHY Consulting\",\"isPartOf\":{\"@id\":\"https:\\\/\\\/www.why-consulting.com\\\/en\\\/#website\"},\"datePublished\":\"2018-01-31T14:41:42+00:00\",\"dateModified\":\"2018-01-31T14:41:46+00:00\",\"breadcrumb\":{\"@id\":\"https:\\\/\\\/www.why-consulting.com\\\/en\\\/legal-notice\\\/#breadcrumb\"},\"inLanguage\":\"en-US\",\"potentialAction\":[{\"@type\":\"ReadAction\",\"target\":[\"https:\\\/\\\/www.why-consulting.com\\\/en\\\/legal-notice\\\/\"]}]},{\"@type\":\"BreadcrumbList\",\"@id\":\"https:\\\/\\\/www.why-consulting.com\\\/en\\\/legal-notice\\\/#breadcrumb\",\"itemListElement\":[{\"@type\":\"ListItem\",\"position\":1,\"name\":\"Accueil\",\"item\":\"https:\\\/\\\/www.why-consulting.com\\\/en\\\/\"},{\"@type\":\"ListItem\",\"position\":2,\"name\":\"Legal Notice\"}]},{\"@type\":\"WebSite\",\"@id\":\"https:\\\/\\\/www.why-consulting.com\\\/en\\\/#website\",\"url\":\"https:\\\/\\\/www.why-consulting.com\\\/en\\\/\",\"name\":\"WHY Consulting\",\"description\":\"\",\"potentialAction\":[{\"@type\":\"SearchAction\",\"target\":{\"@type\":\"EntryPoint\",\"urlTemplate\":\"https:\\\/\\\/www.why-consulting.com\\\/en\\\/?s={search_term_string}\"},\"query-input\":{\"@type\":\"PropertyValueSpecification\",\"valueRequired\":true,\"valueName\":\"search_term_string\"}}],\"inLanguage\":\"en-US\"}]}<\/script>\n<!-- \/ Yoast SEO plugin. -->","yoast_head_json":{"title":"Legal Notice - WHY Consulting","robots":{"index":"index","follow":"follow","max-snippet":"max-snippet:-1","max-image-preview":"max-image-preview:large","max-video-preview":"max-video-preview:-1"},"canonical":"https:\/\/www.why-consulting.com\/en\/legal-notice\/","og_locale":"en_US","og_type":"article","og_title":"Legal Notice - WHY Consulting","og_description":"PR\u00c9SENTATION DU SITE WWW.WHY-CONSULTING.COM En vertu de l\u2019article 6 de la loi n\u00b0 2004-575 du 21 juin 2004 pour la confiance dans l\u2019\u00e9conomie num\u00e9rique, il est pr\u00e9cis\u00e9 aux utilisateurs du site de la soci\u00e9t\u00e9 WHY Consulting l\u2019identit\u00e9 des diff\u00e9rents intervenants dans le cadre de sa r\u00e9alisation et de son suivi : &nbsp; Propri\u00e9taire\u00a0: WHY Consulting [&hellip;]","og_url":"https:\/\/www.why-consulting.com\/en\/legal-notice\/","og_site_name":"WHY Consulting","article_modified_time":"2018-01-31T14:41:46+00:00","twitter_card":"summary_large_image","twitter_misc":{"Est. reading time":"6 minutes"},"schema":{"@context":"https:\/\/schema.org","@graph":[{"@type":"WebPage","@id":"https:\/\/www.why-consulting.com\/en\/legal-notice\/","url":"https:\/\/www.why-consulting.com\/en\/legal-notice\/","name":"Legal Notice - WHY Consulting","isPartOf":{"@id":"https:\/\/www.why-consulting.com\/en\/#website"},"datePublished":"2018-01-31T14:41:42+00:00","dateModified":"2018-01-31T14:41:46+00:00","breadcrumb":{"@id":"https:\/\/www.why-consulting.com\/en\/legal-notice\/#breadcrumb"},"inLanguage":"en-US","potentialAction":[{"@type":"ReadAction","target":["https:\/\/www.why-consulting.com\/en\/legal-notice\/"]}]},{"@type":"BreadcrumbList","@id":"https:\/\/www.why-consulting.com\/en\/legal-notice\/#breadcrumb","itemListElement":[{"@type":"ListItem","position":1,"name":"Accueil","item":"https:\/\/www.why-consulting.com\/en\/"},{"@type":"ListItem","position":2,"name":"Legal Notice"}]},{"@type":"WebSite","@id":"https:\/\/www.why-consulting.com\/en\/#website","url":"https:\/\/www.why-consulting.com\/en\/","name":"WHY Consulting","description":"","potentialAction":[{"@type":"SearchAction","target":{"@type":"EntryPoint","urlTemplate":"https:\/\/www.why-consulting.com\/en\/?s={search_term_string}"},"query-input":{"@type":"PropertyValueSpecification","valueRequired":true,"valueName":"search_term_string"}}],"inLanguage":"en-US"}]}},"jetpack_shortlink":"https:\/\/wp.me\/P9mKbd-I5","jetpack_sharing_enabled":true,"amp_enabled":true,"_links":{"self":[{"href":"https:\/\/www.why-consulting.com\/en\/wp-json\/wp\/v2\/pages\/2733","targetHints":{"allow":["GET"]}}],"collection":[{"href":"https:\/\/www.why-consulting.com\/en\/wp-json\/wp\/v2\/pages"}],"about":[{"href":"https:\/\/www.why-consulting.com\/en\/wp-json\/wp\/v2\/types\/page"}],"author":[{"embeddable":true,"href":"https:\/\/www.why-consulting.com\/en\/wp-json\/wp\/v2\/users\/2"}],"replies":[{"embeddable":true,"href":"https:\/\/www.why-consulting.com\/en\/wp-json\/wp\/v2\/comments?post=2733"}],"version-history":[{"count":0,"href":"https:\/\/www.why-consulting.com\/en\/wp-json\/wp\/v2\/pages\/2733\/revisions"}],"wp:attachment":[{"href":"https:\/\/www.why-consulting.com\/en\/wp-json\/wp\/v2\/media?parent=2733"}],"curies":[{"name":"wp","href":"https:\/\/api.w.org\/{rel}","templated":true}]}}